{"id":6916,"date":"2014-06-09T13:38:40","date_gmt":"2014-06-09T11:38:40","guid":{"rendered":"https:\/\/www.markelj.com\/kuhinje-3\/"},"modified":"2017-05-04T07:44:58","modified_gmt":"2017-05-04T05:44:58","slug":"kuchen","status":"publish","type":"page","link":"https:\/\/www.markelj.com\/de\/kuchen\/","title":{"rendered":"K\u00dcCHEN"},"content":{"rendered":"<p>[vc_row row_type=&#8220;row&#8220; type=&#8220;grid&#8220; in_content_menu=&#8220;&#8220; text_align=&#8220;center&#8220; padding_top=&#8220;40&#8243; padding_bottom=&#8220;40&#8243; css_animation=&#8220;&#8220; el_class=&#8220;bg-siva&#8220;][vc_column][vc_column_text el_class=&#8220;naslov-podcrtan&#8220;]K\u00dcCHEN NACH MASS[\/vc_column_text][vc_column_text el_class=&#8220;besedilo-pod-nasl&#8220;]In unsere K\u00fcchen bauen wir immer die besten Mechanismen ein, f\u00fcr das \u00f6ffnen in verschiedenen Arten. Wir folgen immer den neuesten Trends, weil wir uns bewusst sind, dass die K\u00fcche ein Raum ist, der funktional, einfach und sch\u00f6n sein muss.[\/vc_column_text][\/vc_column][\/vc_row][vc_row row_type=&#8220;row&#8220; type=&#8220;full_width&#8220; in_content_menu=&#8220;&#8220; text_align=&#8220;left&#8220; css_animation=&#8220;&#8220; el_class=&#8220;fullwidthkuhinja&#8220;][vc_column][vc_single_image image=&#8220;5628&#8243; img_size=&#8220;1500&#215;250&#8243; alignment=&#8220;center&#8220; qode_css_animation=&#8220;&#8220; el_class=&#8220;fullwidthimg&#8220;][\/vc_column][\/vc_row][vc_row row_type=&#8220;row&#8220; type=&#8220;grid&#8220; in_content_menu=&#8220;&#8220; text_align=&#8220;left&#8220; padding_top=&#8220;40&#8243; padding_bottom=&#8220;40&#8243; css_animation=&#8220;&#8220;][vc_column width=&#8220;1\/2&#8243;][vc_column_text el_class=&#8220;naslov-nepodcrtan&#8220;]BEI BER\u00dcCSICHTIGUNG IHRER W\u00dcNSHE, BENUTZEN WIR VERSCHIEDENE MATERIALE:[\/vc_column_text][vc_column_text el_class=&#8220;besedilo-pod-nasl&#8220;]<\/p>\n<ul>\n<li>Die einfachsten Modele sin aus veredelten Spanplatten gemacht.<\/li>\n<li>Anspruchsvollere K\u00fcchen fertigen wir aus einer Kombination von Spanplatten an dabei sind die sichtbaren Oberfl\u00e4chen entweder gestrichen oder furniert.<\/li>\n<li>Die anspruchsvollsten K\u00fcchen fertigen wir mi Kreutz gelebten Vollholz an.<\/li>\n<\/ul>\n<p>[\/vc_column_text][\/vc_column][vc_column width=&#8220;1\/2&#8243;][vc_column_text el_class=&#8220;naslov-nepodcrtan&#8220;]ARBEITSPLATTEN[\/vc_column_text][vc_column_text el_class=&#8220;besedilo-pod-nasl&#8220;]Wir fertigen Arbeitsplatten aus Massivholz, Ultrapas, oder mit Hilfe von anderen Firmen aus Stein, Granit oder Kerrock an.[\/vc_column_text][\/vc_column][\/vc_row][vc_row row_type=&#8220;row&#8220; type=&#8220;grid&#8220; in_content_menu=&#8220;&#8220; text_align=&#8220;left&#8220; padding_top=&#8220;40&#8243; padding_bottom=&#8220;40&#8243; css_animation=&#8220;&#8220; el_class=&#8220;bg-siva&#8220;][vc_column][vc_column_text el_class=&#8220;naslov-nepodcrtan&#8220;]EIN WICHTIGER TEIL JEDER K\u00dcCHE IST DIE BELEUCHTUNG[\/vc_column_text][vc_column_text el_class=&#8220;besedilo-pod-nasl&#8220;]Wir verwenden moderne LED Systeme, touch Schalter. Richtig angelegte Beleuchtung erm\u00f6glicht es ihnen en einfacheres und qualit\u00e4tsvolleres arbeiten in ihrer K\u00fcche, nebenbei erstrahlt die K\u00fcche in all ihrer Sch\u00f6nheit. Das Spiel von Licht und Schatten, betont die pr\u00e4zise gefertigten Details unserer Meister.[\/vc_column_text][\/vc_column][\/vc_row][vc_row row_type=&#8220;row&#8220; type=&#8220;full_width&#8220; in_content_menu=&#8220;&#8220; text_align=&#8220;left&#8220; css_animation=&#8220;&#8220; el_class=&#8220;fullwidthkuhinja&#8220;][vc_column][vc_single_image image=&#8220;5629&#8243; img_size=&#8220;1700X250&#8243; alignment=&#8220;center&#8220; qode_css_animation=&#8220;&#8220; el_class=&#8220;fullwidthimg&#8220;][\/vc_column][\/vc_row][vc_row row_type=&#8220;row&#8220; type=&#8220;grid&#8220; in_content_menu=&#8220;&#8220; text_align=&#8220;left&#8220; padding_top=&#8220;40&#8243; css_animation=&#8220;&#8220; el_class=&#8220;bg-siva&#8220;][vc_column][vc_column_text el_class=&#8220;naslov-nepodcrtan&#8220;]DESIGN UND 3D ZEICHNUNG[\/vc_column_text][\/vc_column][\/vc_row][vc_row row_type=&#8220;row&#8220; type=&#8220;grid&#8220; in_content_menu=&#8220;&#8220; text_align=&#8220;left&#8220; padding_top=&#8220;20&#8243; padding_bottom=&#8220;40&#8243; css_animation=&#8220;&#8220; el_class=&#8220;bg-siva&#8220;][vc_column][vc_column_text el_class=&#8220;besedilo-pod-nasl&#8220;]Wir bieten ihnen eine kostenlose Vermessung und Beratung an. An Hand der besprochenen Vorlagen bieten wir auch eine Visualisierung an.[\/vc_column_text][\/vc_column][\/vc_row][vc_row row_type=&#8220;row&#8220; type=&#8220;grid&#8220; in_content_menu=&#8220;&#8220; text_align=&#8220;left&#8220; padding_top=&#8220;40&#8243; padding_bottom=&#8220;60&#8243; css_animation=&#8220;&#8220;][vc_column width=&#8220;1\/4&#8243;][vc_single_image image=&#8220;9965&#8243; img_size=&#8220;280&#215;250&#8243; qode_css_animation=&#8220;&#8220; img_link_large=&#8220;yes&#8220;][\/vc_column][vc_column width=&#8220;1\/4&#8243;][vc_single_image image=&#8220;9962&#8243; img_size=&#8220;280&#215;250&#8243; qode_css_animation=&#8220;&#8220; img_link_large=&#8220;yes&#8220;][\/vc_column][vc_column width=&#8220;1\/4&#8243;][vc_single_image image=&#8220;9958&#8243; img_size=&#8220;280&#215;250&#8243; qode_css_animation=&#8220;&#8220; img_link_large=&#8220;yes&#8220;][\/vc_column][vc_column width=&#8220;1\/4&#8243;][vc_single_image image=&#8220;9968&#8243; img_size=&#8220;280&#215;250&#8243; qode_css_animation=&#8220;&#8220; img_link_large=&#8220;yes&#8220;][\/vc_column][\/vc_row][vc_row row_type=&#8220;row&#8220; type=&#8220;grid&#8220; in_content_menu=&#8220;&#8220; text_align=&#8220;left&#8220; padding_top=&#8220;40&#8243; padding_bottom=&#8220;60&#8243; css_animation=&#8220;&#8220;][vc_column width=&#8220;1\/4&#8243;][vc_single_image image=&#8220;9978&#8243; img_size=&#8220;280&#215;250&#8243; qode_css_animation=&#8220;&#8220; img_link_large=&#8220;yes&#8220;][\/vc_column][vc_column width=&#8220;1\/4&#8243;][vc_single_image image=&#8220;9975&#8243; img_size=&#8220;280&#215;250&#8243; qode_css_animation=&#8220;&#8220; img_link_large=&#8220;yes&#8220;][\/vc_column][vc_column width=&#8220;1\/4&#8243;][vc_single_image image=&#8220;9981&#8243; img_size=&#8220;280&#215;250&#8243; qode_css_animation=&#8220;&#8220; img_link_large=&#8220;yes&#8220;][\/vc_column][vc_column width=&#8220;1\/4&#8243;][vc_single_image image=&#8220;9972&#8243; img_size=&#8220;280&#215;250&#8243; qode_css_animation=&#8220;&#8220; img_link_large=&#8220;yes&#8220;][\/vc_column][\/vc_row][vc_row row_type=&#8220;row&#8220; type=&#8220;grid&#8220; in_content_menu=&#8220;&#8220; text_align=&#8220;left&#8220; css_animation=&#8220;&#8220; el_class=&#8220;prikazprojektov&#8220;][vc_column][vc_column_text el_class=&#8220;prikazprojektovtitle&#8220;]<\/p>\n<h2>K\u00fcchen Galerie<\/h2>\n<p>[\/vc_column_text][vc_column_text]<div class='projectswrap'><div class=\"projectsingle\"><a class=\"projectimg\" href=\"https:\/\/www.markelj.com\/de\/projekt\/yakka\/\" style=\"background-image:url(https:\/\/www.markelj.com\/wp-content\/uploads\/2015\/08\/IMG_5897-1024x695.jpg);\"><\/a><span class=\"projecttitle\">Yakka<\/span><\/div><div class=\"projectsingle\"><a class=\"projectimg\" href=\"https:\/\/www.markelj.com\/de\/projekt\/noguera\/\" style=\"background-image:url(https:\/\/www.markelj.com\/wp-content\/uploads\/2015\/08\/DSC_5532-1024x679.jpg);\"><\/a><span class=\"projecttitle\">Noguera<\/span><\/div><div class=\"projectsingle\"><a class=\"projectimg\" href=\"https:\/\/www.markelj.com\/de\/projekt\/tio\/\" style=\"background-image:url(https:\/\/www.markelj.com\/wp-content\/uploads\/2015\/08\/IMG_0891-682x1024.jpg);\"><\/a><span class=\"projecttitle\">Tio<\/span><\/div><div class=\"projectsingle\"><a class=\"projectimg\" href=\"https:\/\/www.markelj.com\/de\/projekt\/dang\/\" style=\"background-image:url(https:\/\/www.markelj.com\/wp-content\/uploads\/2015\/08\/IMG_0543-1024x682.jpg);\"><\/a><span class=\"projecttitle\">Dang<\/span><\/div><div class=\"projectsingle\"><a class=\"projectimg\" href=\"https:\/\/www.markelj.com\/de\/projekt\/galati\/\" style=\"background-image:url(https:\/\/www.markelj.com\/wp-content\/uploads\/2015\/08\/DSC_3384-1024x680.jpg);\"><\/a><span class=\"projecttitle\">Galati<\/span><\/div><div class=\"projectsingle\"><a class=\"projectimg\" href=\"https:\/\/www.markelj.com\/de\/projekt\/atao\/\" style=\"background-image:url(https:\/\/www.markelj.com\/wp-content\/uploads\/2015\/08\/IMG_1030.jpg);\"><\/a><span class=\"projecttitle\">Atao<\/span><\/div><div class=\"projectsingle\"><a class=\"projectimg\" href=\"https:\/\/www.markelj.com\/de\/projekt\/ihom\/\" style=\"background-image:url(https:\/\/www.markelj.com\/wp-content\/uploads\/2015\/08\/DSC6167.jpg);\"><\/a><span class=\"projecttitle\">Ihom<\/span><\/div><div class=\"projectsingle\"><a class=\"projectimg\" href=\"https:\/\/www.markelj.com\/de\/projekt\/kuhinja-dv\/\" style=\"background-image:url(https:\/\/www.markelj.com\/wp-content\/uploads\/2015\/08\/P5155825-1024x731.jpg);\"><\/a><span class=\"projecttitle\">Vermello<\/span><\/div><div class=\"projectsingle\"><a class=\"projectimg\" href=\"https:\/\/www.markelj.com\/de\/projekt\/3d-zeichnungen-von-kuchen\/\" style=\"background-image:url(https:\/\/www.markelj.com\/wp-content\/uploads\/2015\/05\/1-1024x404.jpg);\"><\/a><span class=\"projecttitle\">3D Zeichnungen von K\u00fcchen<\/span><\/div><\/div>[\/vc_column_text][\/vc_column][\/vc_row]<\/p>\n","protected":false},"excerpt":{"rendered":"<p>[vc_row row_type=&#8220;row&#8220; type=&#8220;grid&#8220; in_content_menu=&#8220;&#8220; text_align=&#8220;center&#8220; padding_top=&#8220;40&#8243; padding_bottom=&#8220;40&#8243; css_animation=&#8220;&#8220; el_class=&#8220;bg-siva&#8220;][vc_column][vc_column_text el_class=&#8220;naslov-podcrtan&#8220;]K\u00dcCHEN NACH MASS[\/vc_column_text][vc_column_text el_class=&#8220;besedilo-pod-nasl&#8220;]In unsere K\u00fcchen bauen wir immer die besten Mechanismen ein, f\u00fcr das \u00f6ffnen in verschiedenen Arten. Wir folgen immer den neuesten Trends, weil wir uns bewusst sind, dass die K\u00fcche ein Raum ist,&#8230;<\/p>\n","protected":false},"author":4,"featured_media":6178,"parent":0,"menu_order":0,"comment_status":"open","ping_status":"closed","template":"full_width.php","meta":{"ngg_post_thumbnail":0},"yoast_head":"<!-- This site is optimized with the Yoast SEO plugin v18.3 - https:\/\/yoast.com\/wordpress\/plugins\/seo\/ -->\n<title>K\u00dcCHEN - Mizarstvo Markelj<\/title>\n<meta name=\"robots\" content=\"index, follow, max-snippet:-1, max-image-preview:large, max-video-preview:-1\" \/>\n<link rel=\"canonical\" href=\"https:\/\/www.markelj.com\/de\/kuchen\/\" \/>\n<meta property=\"og:locale\" content=\"de_DE\" \/>\n<meta property=\"og:type\" content=\"article\" \/>\n<meta property=\"og:title\" content=\"K\u00dcCHEN - Mizarstvo Markelj\" \/>\n<meta property=\"og:description\" content=\"[vc_row row_type=&#8220;row&#8220; type=&#8220;grid&#8220; in_content_menu=&#8220;&#8220; text_align=&#8220;center&#8220; padding_top=&#8220;40&#8243; padding_bottom=&#8220;40&#8243; css_animation=&#8220;&#8220; el_class=&#8220;bg-siva&#8220;][vc_column][vc_column_text el_class=&#8220;naslov-podcrtan&#8220;]K\u00dcCHEN NACH MASS[\/vc_column_text][vc_column_text el_class=&#8220;besedilo-pod-nasl&#8220;]In unsere K\u00fcchen bauen wir immer die besten Mechanismen ein, f\u00fcr das \u00f6ffnen in verschiedenen Arten. Wir folgen immer den neuesten Trends, weil wir uns bewusst sind, dass die K\u00fcche ein Raum ist,...\" \/>\n<meta property=\"og:url\" content=\"https:\/\/www.markelj.com\/de\/kuchen\/\" \/>\n<meta property=\"og:site_name\" content=\"Mizarstvo Markelj\" \/>\n<meta property=\"article:publisher\" content=\"https:\/\/www.facebook.com\/MarkeljFurniture\" \/>\n<meta property=\"article:modified_time\" content=\"2017-05-04T05:44:58+00:00\" \/>\n<meta property=\"og:image\" content=\"https:\/\/www.markelj.com\/wp-content\/uploads\/2015\/05\/2013-11-11-14.26.06.jpg\" \/>\n\t<meta property=\"og:image:width\" content=\"2688\" \/>\n\t<meta property=\"og:image:height\" content=\"1520\" \/>\n\t<meta property=\"og:image:type\" content=\"image\/jpeg\" \/>\n<meta name=\"twitter:card\" content=\"summary\" \/>\n<meta name=\"twitter:label1\" content=\"Gesch\u00e4tzte Lesezeit\" \/>\n\t<meta name=\"twitter:data1\" content=\"4\u00a0Minuten\" \/>\n<script type=\"application\/ld+json\" class=\"yoast-schema-graph\">{\"@context\":\"https:\/\/schema.org\",\"@graph\":[{\"@type\":\"WebSite\",\"@id\":\"https:\/\/www.markelj.com\/#website\",\"url\":\"https:\/\/www.markelj.com\/\",\"name\":\"Mizarstvo Markelj\",\"description\":\"Mizarstvo Markelj\",\"potentialAction\":[{\"@type\":\"SearchAction\",\"target\":{\"@type\":\"EntryPoint\",\"urlTemplate\":\"https:\/\/www.markelj.com\/?s={search_term_string}\"},\"query-input\":\"required name=search_term_string\"}],\"inLanguage\":\"de\"},{\"@type\":\"ImageObject\",\"@id\":\"https:\/\/www.markelj.com\/de\/kuchen\/#primaryimage\",\"inLanguage\":\"de\",\"url\":\"https:\/\/www.markelj.com\/wp-content\/uploads\/2015\/05\/2013-11-11-14.26.06.jpg\",\"contentUrl\":\"https:\/\/www.markelj.com\/wp-content\/uploads\/2015\/05\/2013-11-11-14.26.06.jpg\",\"width\":2688,\"height\":1520},{\"@type\":\"WebPage\",\"@id\":\"https:\/\/www.markelj.com\/de\/kuchen\/#webpage\",\"url\":\"https:\/\/www.markelj.com\/de\/kuchen\/\",\"name\":\"K\u00dcCHEN - Mizarstvo Markelj\",\"isPartOf\":{\"@id\":\"https:\/\/www.markelj.com\/#website\"},\"primaryImageOfPage\":{\"@id\":\"https:\/\/www.markelj.com\/de\/kuchen\/#primaryimage\"},\"datePublished\":\"2014-06-09T11:38:40+00:00\",\"dateModified\":\"2017-05-04T05:44:58+00:00\",\"breadcrumb\":{\"@id\":\"https:\/\/www.markelj.com\/de\/kuchen\/#breadcrumb\"},\"inLanguage\":\"de\",\"potentialAction\":[{\"@type\":\"ReadAction\",\"target\":[\"https:\/\/www.markelj.com\/de\/kuchen\/\"]}]},{\"@type\":\"BreadcrumbList\",\"@id\":\"https:\/\/www.markelj.com\/de\/kuchen\/#breadcrumb\",\"itemListElement\":[{\"@type\":\"ListItem\",\"position\":1,\"name\":\"K\u00dcCHEN\"}]}]}<\/script>\n<!-- \/ Yoast SEO plugin. -->","yoast_head_json":{"title":"K\u00dcCHEN - Mizarstvo Markelj","robots":{"index":"index","follow":"follow","max-snippet":"max-snippet:-1","max-image-preview":"max-image-preview:large","max-video-preview":"max-video-preview:-1"},"canonical":"https:\/\/www.markelj.com\/de\/kuchen\/","og_locale":"de_DE","og_type":"article","og_title":"K\u00dcCHEN - Mizarstvo Markelj","og_description":"[vc_row row_type=&#8220;row&#8220; type=&#8220;grid&#8220; in_content_menu=&#8220;&#8220; text_align=&#8220;center&#8220; padding_top=&#8220;40&#8243; padding_bottom=&#8220;40&#8243; css_animation=&#8220;&#8220; el_class=&#8220;bg-siva&#8220;][vc_column][vc_column_text el_class=&#8220;naslov-podcrtan&#8220;]K\u00dcCHEN NACH MASS[\/vc_column_text][vc_column_text el_class=&#8220;besedilo-pod-nasl&#8220;]In unsere K\u00fcchen bauen wir immer die besten Mechanismen ein, f\u00fcr das \u00f6ffnen in verschiedenen Arten. Wir folgen immer den neuesten Trends, weil wir uns bewusst sind, dass die K\u00fcche ein Raum ist,...","og_url":"https:\/\/www.markelj.com\/de\/kuchen\/","og_site_name":"Mizarstvo Markelj","article_publisher":"https:\/\/www.facebook.com\/MarkeljFurniture","article_modified_time":"2017-05-04T05:44:58+00:00","og_image":[{"width":2688,"height":1520,"url":"https:\/\/www.markelj.com\/wp-content\/uploads\/2015\/05\/2013-11-11-14.26.06.jpg","type":"image\/jpeg"}],"twitter_card":"summary","twitter_misc":{"Gesch\u00e4tzte Lesezeit":"4\u00a0Minuten"},"schema":{"@context":"https:\/\/schema.org","@graph":[{"@type":"WebSite","@id":"https:\/\/www.markelj.com\/#website","url":"https:\/\/www.markelj.com\/","name":"Mizarstvo Markelj","description":"Mizarstvo Markelj","potentialAction":[{"@type":"SearchAction","target":{"@type":"EntryPoint","urlTemplate":"https:\/\/www.markelj.com\/?s={search_term_string}"},"query-input":"required name=search_term_string"}],"inLanguage":"de"},{"@type":"ImageObject","@id":"https:\/\/www.markelj.com\/de\/kuchen\/#primaryimage","inLanguage":"de","url":"https:\/\/www.markelj.com\/wp-content\/uploads\/2015\/05\/2013-11-11-14.26.06.jpg","contentUrl":"https:\/\/www.markelj.com\/wp-content\/uploads\/2015\/05\/2013-11-11-14.26.06.jpg","width":2688,"height":1520},{"@type":"WebPage","@id":"https:\/\/www.markelj.com\/de\/kuchen\/#webpage","url":"https:\/\/www.markelj.com\/de\/kuchen\/","name":"K\u00dcCHEN - Mizarstvo Markelj","isPartOf":{"@id":"https:\/\/www.markelj.com\/#website"},"primaryImageOfPage":{"@id":"https:\/\/www.markelj.com\/de\/kuchen\/#primaryimage"},"datePublished":"2014-06-09T11:38:40+00:00","dateModified":"2017-05-04T05:44:58+00:00","breadcrumb":{"@id":"https:\/\/www.markelj.com\/de\/kuchen\/#breadcrumb"},"inLanguage":"de","potentialAction":[{"@type":"ReadAction","target":["https:\/\/www.markelj.com\/de\/kuchen\/"]}]},{"@type":"BreadcrumbList","@id":"https:\/\/www.markelj.com\/de\/kuchen\/#breadcrumb","itemListElement":[{"@type":"ListItem","position":1,"name":"K\u00dcCHEN"}]}]}},"_links":{"self":[{"href":"https:\/\/www.markelj.com\/de\/wp-json\/wp\/v2\/pages\/6916"}],"collection":[{"href":"https:\/\/www.markelj.com\/de\/wp-json\/wp\/v2\/pages"}],"about":[{"href":"https:\/\/www.markelj.com\/de\/wp-json\/wp\/v2\/types\/page"}],"author":[{"embeddable":true,"href":"https:\/\/www.markelj.com\/de\/wp-json\/wp\/v2\/users\/4"}],"replies":[{"embeddable":true,"href":"https:\/\/www.markelj.com\/de\/wp-json\/wp\/v2\/comments?post=6916"}],"version-history":[{"count":7,"href":"https:\/\/www.markelj.com\/de\/wp-json\/wp\/v2\/pages\/6916\/revisions"}],"predecessor-version":[{"id":11642,"href":"https:\/\/www.markelj.com\/de\/wp-json\/wp\/v2\/pages\/6916\/revisions\/11642"}],"wp:featuredmedia":[{"embeddable":true,"href":"https:\/\/www.markelj.com\/de\/wp-json\/wp\/v2\/media\/6178"}],"wp:attachment":[{"href":"https:\/\/www.markelj.com\/de\/wp-json\/wp\/v2\/media?parent=6916"}],"curies":[{"name":"wp","href":"https:\/\/api.w.org\/{rel}","templated":true}]}}