{"id":5869,"date":"2014-05-16T12:02:06","date_gmt":"2014-05-16T10:02:06","guid":{"rendered":"https:\/\/www.markelj.com\/?page_id=5869"},"modified":"2018-12-18T10:41:42","modified_gmt":"2018-12-18T09:41:42","slug":"products","status":"publish","type":"page","link":"https:\/\/www.markelj.com\/en\/products\/","title":{"rendered":"Products"},"content":{"rendered":"<p>[vc_row row_type=&#8221;row&#8221; type=&#8221;full_width&#8221; in_content_menu=&#8221;&#8221; text_align=&#8221;left&#8221; background_image=&#8221;11721&#8243; css_animation=&#8221;&#8221; el_class=&#8221;siva_polovica&#8221;][vc_column css=&#8221;.vc_custom_1497529042855{background-image: url(https:\/\/www.markelj.com\/wp-content\/uploads\/2017\/06\/rectangle-3-e1497528035849.png?id=11749) !important;background-position: 0 0 !important;background-repeat: repeat !important;}&#8221; el_class=&#8221;levo&#8221;][vc_row_inner row_type=&#8221;row&#8221; use_as_box=&#8221;use_row_as_box&#8221; type=&#8221;grid&#8221; text_align=&#8221;left&#8221; css_animation=&#8221;&#8221;][vc_column_inner width=&#8221;1\/2&#8243; css=&#8221;.vc_custom_1497529576168{padding-top: 100px !important;padding-right: 50px !important;padding-bottom: 120px !important;}&#8221;][vc_column_text el_class=&#8221;naslov-tekst&#8221;]<\/p>\n<h2>DOORS<\/h2>\n<p>[\/vc_column_text][vc_column_text][vc_separator type=&#8217;small&#8217; position=&#8217;left&#8217; color=&#8217;#e5e9ed&#8217; thickness=&#8217;1&#8242; up=&#8217;22&#8217; down=&#8217;22&#8217;]<\/p>\n<p>[\/vc_column_text][vc_column_text]When you&#8217;re furnishing or remodelling your home, you have to keep in mind that the doors complement the overall image of the house. Also they express your personal style and individual lifestyle. Pay attention to compatibility with other furniture and the colour scheme.<\/p>\n<p>The doors are an important element that gives the space that homely touch. Take a look at our collection of interior, outside and inline doors.[\/vc_column_text][vc_column_text]<a class=\"button\" href=\"https:\/\/www.markelj.com\/en\/products\/all-doors\/\">Look at our doors<\/a>[\/vc_column_text][\/vc_column_inner][\/vc_row_inner][\/vc_column][\/vc_row][vc_row row_type=&#8221;row&#8221; type=&#8221;full_width&#8221; in_content_menu=&#8221;&#8221; text_align=&#8221;left&#8221; background_image=&#8221;11721&#8243; css_animation=&#8221;&#8221; el_class=&#8221;siva_polovica&#8221; css=&#8221;.vc_custom_1499337053981{background-image: url(https:\/\/www.markelj.com\/wp-content\/uploads\/2017\/06\/screen-shot-2017-06-02-at-15-42-45.jpg?id=11765) !important;}&#8221;][vc_column css=&#8221;.vc_custom_1497530208746{background-image: url(https:\/\/www.markelj.com\/wp-content\/uploads\/2017\/06\/rectangle-3-e1497528035849.png?id=11749) !important;background-position: 0 0 !important;background-repeat: repeat !important;}&#8221; el_class=&#8221;desno&#8221;][vc_row_inner row_type=&#8221;row&#8221; use_as_box=&#8221;use_row_as_box&#8221; type=&#8221;grid&#8221; text_align=&#8221;left&#8221; css_animation=&#8221;&#8221;][vc_column_inner width=&#8221;1\/2&#8243;][\/vc_column_inner][vc_column_inner width=&#8221;1\/2&#8243; css=&#8221;.vc_custom_1497530287019{padding-top: 100px !important;padding-bottom: 120px !important;padding-left: 60px !important;}&#8221;][vc_column_text el_class=&#8221;naslov-tekst&#8221;]<\/p>\n<h2>FURNITURE<\/h2>\n<p>[\/vc_column_text][vc_column_text][vc_separator type=&#8217;small&#8217; position=&#8217;left&#8217; color=&#8217;#e5e9ed&#8217; thickness=&#8217;1&#8242; up=&#8217;22&#8217; down=&#8217;22&#8217;]<\/p>\n<p>[\/vc_column_text][vc_column_text]We are proud to say that all furniture that we produce is unique and tailor-made. Every element is filled with our creativity, time and knowledge, acquired over the years. That\u2019s why our clients can set free their imagination. The professionalism of a highly specialized team delivers the best end result. We are glad to see, that in the last few years there has been an increased demand for natural materials. Therefore our production line has specialized in the product from solid wood.[\/vc_column_text][vc_column_text]<a class=\"button\" href=\"https:\/\/www.markelj.com\/en\/products\/custom-made-furniture\/\">Look at our furniture<\/a>[\/vc_column_text][\/vc_column_inner][\/vc_row_inner][\/vc_column][\/vc_row][vc_row row_type=&#8221;row&#8221; type=&#8221;full_width&#8221; in_content_menu=&#8221;&#8221; text_align=&#8221;left&#8221; background_image=&#8221;11721&#8243; css_animation=&#8221;&#8221; el_class=&#8221;siva_polovica&#8221; css=&#8221;.vc_custom_1499337126386{background-image: url(https:\/\/www.markelj.com\/wp-content\/uploads\/2017\/06\/tri.jpg?id=11774) !important;}&#8221;][vc_column css=&#8221;.vc_custom_1497529042855{background-image: url(https:\/\/www.markelj.com\/wp-content\/uploads\/2017\/06\/rectangle-3-e1497528035849.png?id=11749) !important;background-position: 0 0 !important;background-repeat: repeat !important;}&#8221; el_class=&#8221;levo&#8221;][vc_row_inner row_type=&#8221;row&#8221; use_as_box=&#8221;use_row_as_box&#8221; type=&#8221;grid&#8221; text_align=&#8221;left&#8221; css_animation=&#8221;&#8221;][vc_column_inner width=&#8221;1\/2&#8243; css=&#8221;.vc_custom_1497529576168{padding-top: 100px !important;padding-right: 50px !important;padding-bottom: 120px !important;}&#8221;][vc_column_text el_class=&#8221;naslov-tekst&#8221;]<\/p>\n<h2>Turnkey projects \u2013 furnishing the whole house:<\/h2>\n<p>[\/vc_column_text][vc_column_text][vc_separator type=&#8217;small&#8217; position=&#8217;left&#8217; color=&#8217;#e5e9ed&#8217; thickness=&#8217;1&#8242; up=&#8217;22&#8217; down=&#8217;22&#8217;]<\/p>\n<p>[\/vc_column_text][vc_column_text]At your wish, we can furnish your whole house from the bottom to the top. You can present us your plans and wishes and we will offer you professional advice. Our highly specialized team will perform individual measurements and prepare all the technical plans. The furniture is made with the highest aesthetic and quality standards.[\/vc_column_text][vc_column_text]<a class=\"button\" href=\"https:\/\/www.markelj.com\/en\/products\/whole-house-equipment\/\">Look at our projects<\/a>[\/vc_column_text][\/vc_column_inner][\/vc_row_inner][\/vc_column][\/vc_row][vc_row row_type=&#8221;row&#8221; type=&#8221;full_width&#8221; in_content_menu=&#8221;&#8221; text_align=&#8221;left&#8221; background_image=&#8221;12153&#8243; css_animation=&#8221;&#8221; el_class=&#8221;siva_polovica&#8221; css=&#8221;.vc_custom_1499434552045{background-image: url(https:\/\/www.markelj.com\/wp-content\/uploads\/2014\/05\/zibka_unibula.jpg?id=12153) !important;}&#8221;][vc_column css=&#8221;.vc_custom_1497530208746{background-image: url(https:\/\/www.markelj.com\/wp-content\/uploads\/2017\/06\/rectangle-3-e1497528035849.png?id=11749) !important;background-position: 0 0 !important;background-repeat: repeat !important;}&#8221; el_class=&#8221;desno&#8221;][vc_row_inner row_type=&#8221;row&#8221; use_as_box=&#8221;use_row_as_box&#8221; type=&#8221;grid&#8221; text_align=&#8221;left&#8221; css_animation=&#8221;&#8221;][vc_column_inner width=&#8221;1\/2&#8243;][\/vc_column_inner][vc_column_inner width=&#8221;1\/2&#8243; css=&#8221;.vc_custom_1497530287019{padding-top: 100px !important;padding-bottom: 120px !important;padding-left: 60px !important;}&#8221;][vc_column_text el_class=&#8221;naslov-tekst&#8221;]<\/p>\n<h2>Unique products:<\/h2>\n<p>[\/vc_column_text][vc_column_text][vc_separator type=&#8217;small&#8217; position=&#8217;left&#8217; color=&#8217;#e5e9ed&#8217; thickness=&#8217;1&#8242; up=&#8217;22&#8217; down=&#8217;22&#8217;]<\/p>\n<p>[\/vc_column_text][vc_column_text]Our love for wood is best seen in unique products. They are all results of out our and clients imagination. Not a day goes by without some new idea that occupies us, and when we have some spare time, we gladly engage in bringing it to life.[\/vc_column_text][vc_column_text]<a class=\"button\" href=\"https:\/\/www.markelj.com\/en\/products\/our-own-design\/\">Look at our unique products<\/a>[\/vc_column_text][\/vc_column_inner][\/vc_row_inner][\/vc_column][\/vc_row][vc_row row_type=&#8221;row&#8221; type=&#8221;full_width&#8221; in_content_menu=&#8221;&#8221; text_align=&#8221;left&#8221; background_image=&#8221;11721&#8243; css_animation=&#8221;&#8221; el_class=&#8221;siva_polovica&#8221; css=&#8221;.vc_custom_1499336938261{background-image: url(https:\/\/www.markelj.com\/wp-content\/uploads\/2017\/06\/2006.jpg?id=11974) !important;}&#8221;][vc_column css=&#8221;.vc_custom_1497529042855{background-image: url(https:\/\/www.markelj.com\/wp-content\/uploads\/2017\/06\/rectangle-3-e1497528035849.png?id=11749) !important;background-position: 0 0 !important;background-repeat: repeat !important;}&#8221; el_class=&#8221;levo&#8221;][vc_row_inner row_type=&#8221;row&#8221; use_as_box=&#8221;use_row_as_box&#8221; type=&#8221;grid&#8221; text_align=&#8221;left&#8221; css_animation=&#8221;&#8221;][vc_column_inner width=&#8221;1\/2&#8243; css=&#8221;.vc_custom_1497529576168{padding-top: 100px !important;padding-right: 50px !important;padding-bottom: 120px !important;}&#8221;][vc_column_text el_class=&#8221;naslov-tekst&#8221;]<\/p>\n<h2>Business Premises<\/h2>\n<p>[\/vc_column_text][vc_column_text][vc_separator type=&#8217;small&#8217; position=&#8217;left&#8217; color=&#8217;#e5e9ed&#8217; thickness=&#8217;1&#8242; up=&#8217;22&#8217; down=&#8217;22&#8217;]<\/p>\n<p>[\/vc_column_text][vc_column_text]Our work isn\u2019t limited only on private homes. Over years we have collected quite a number of public projects in our archives. Here we present some of them. We invite you to visit these selected locations and see for yourself the quality and elegance of our products.[\/vc_column_text][vc_column_text]<a class=\"button\" href=\"https:\/\/www.markelj.com\/en\/products\/business-premises\/\">Look at our public projects<\/a>[\/vc_column_text][\/vc_column_inner][\/vc_row_inner][\/vc_column][\/vc_row]<\/p>\n","protected":false},"excerpt":{"rendered":"<p>[vc_row row_type=&#8221;row&#8221; type=&#8221;full_width&#8221; in_content_menu=&#8221;&#8221; text_align=&#8221;left&#8221; background_image=&#8221;11721&#8243; css_animation=&#8221;&#8221; el_class=&#8221;siva_polovica&#8221;][vc_column css=&#8221;.vc_custom_1497529042855{background-image: url(https:\/\/www.markelj.com\/wp-content\/uploads\/2017\/06\/rectangle-3-e1497528035849.png?id=11749) !important;background-position: 0 0 !important;background-repeat: repeat !important;}&#8221; el_class=&#8221;levo&#8221;][vc_row_inner row_type=&#8221;row&#8221; use_as_box=&#8221;use_row_as_box&#8221; type=&#8221;grid&#8221; text_align=&#8221;left&#8221; css_animation=&#8221;&#8221;][vc_column_inner width=&#8221;1\/2&#8243; css=&#8221;.vc_custom_1497529576168{padding-top: 100px !important;padding-right: 50px !important;padding-bottom: 120px !important;}&#8221;][vc_column_text el_class=&#8221;naslov-tekst&#8221;] DOORS [\/vc_column_text][vc_column_text][vc_separator type=&#8217;small&#8217; position=&#8217;left&#8217; color=&#8217;#e5e9ed&#8217; thickness=&#8217;1&#8242; up=&#8217;22&#8217; down=&#8217;22&#8217;] [\/vc_column_text][vc_column_text]When you&#8217;re furnishing or remodelling your&#8230;<\/p>\n","protected":false},"author":4,"featured_media":0,"parent":0,"menu_order":0,"comment_status":"open","ping_status":"open","template":"full_width.php","meta":{"ngg_post_thumbnail":0},"yoast_head":"<!-- This site is optimized with the Yoast SEO plugin v18.3 - https:\/\/yoast.com\/wordpress\/plugins\/seo\/ -->\n<title>Products - Mizarstvo Markelj<\/title>\n<meta name=\"description\" content=\"V podjetju Mizarstvo Markelj vam nudimo razli\u010dne produkte izdelane po meri, kot so notranja vrata, vhodna vrata, kuhinje po meri, savne, pohi\u0161tvo in ve\u010d.\" \/>\n<meta name=\"robots\" content=\"index, follow, max-snippet:-1, max-image-preview:large, max-video-preview:-1\" \/>\n<link rel=\"canonical\" href=\"https:\/\/www.markelj.com\/en\/products\/\" \/>\n<meta property=\"og:locale\" content=\"en_US\" \/>\n<meta property=\"og:type\" content=\"article\" \/>\n<meta property=\"og:title\" content=\"Products - Mizarstvo Markelj\" \/>\n<meta property=\"og:description\" content=\"V podjetju Mizarstvo Markelj vam nudimo razli\u010dne produkte izdelane po meri, kot so notranja vrata, vhodna vrata, kuhinje po meri, savne, pohi\u0161tvo in ve\u010d.\" \/>\n<meta property=\"og:url\" content=\"https:\/\/www.markelj.com\/en\/products\/\" \/>\n<meta property=\"og:site_name\" content=\"Mizarstvo Markelj\" \/>\n<meta property=\"article:publisher\" content=\"https:\/\/www.facebook.com\/MarkeljFurniture\" \/>\n<meta property=\"article:modified_time\" content=\"2018-12-18T09:41:42+00:00\" \/>\n<meta property=\"og:image\" content=\"https:\/\/www.markelj.com\/wp-content\/uploads\/2014\/11\/as.png\" \/>\n\t<meta property=\"og:image:width\" content=\"201\" \/>\n\t<meta property=\"og:image:height\" content=\"201\" \/>\n\t<meta property=\"og:image:type\" content=\"image\/png\" \/>\n<meta name=\"twitter:card\" content=\"summary\" \/>\n<meta name=\"twitter:label1\" content=\"Est. reading time\" \/>\n\t<meta name=\"twitter:data1\" content=\"6 minutes\" \/>\n<script type=\"application\/ld+json\" class=\"yoast-schema-graph\">{\"@context\":\"https:\/\/schema.org\",\"@graph\":[{\"@type\":\"WebSite\",\"@id\":\"https:\/\/www.markelj.com\/#website\",\"url\":\"https:\/\/www.markelj.com\/\",\"name\":\"Mizarstvo Markelj\",\"description\":\"Mizarstvo Markelj\",\"potentialAction\":[{\"@type\":\"SearchAction\",\"target\":{\"@type\":\"EntryPoint\",\"urlTemplate\":\"https:\/\/www.markelj.com\/?s={search_term_string}\"},\"query-input\":\"required name=search_term_string\"}],\"inLanguage\":\"en-US\"},{\"@type\":\"WebPage\",\"@id\":\"https:\/\/www.markelj.com\/en\/products\/#webpage\",\"url\":\"https:\/\/www.markelj.com\/en\/products\/\",\"name\":\"Products - Mizarstvo Markelj\",\"isPartOf\":{\"@id\":\"https:\/\/www.markelj.com\/#website\"},\"datePublished\":\"2014-05-16T10:02:06+00:00\",\"dateModified\":\"2018-12-18T09:41:42+00:00\",\"description\":\"V podjetju Mizarstvo Markelj vam nudimo razli\u010dne produkte izdelane po meri, kot so notranja vrata, vhodna vrata, kuhinje po meri, savne, pohi\u0161tvo in ve\u010d.\",\"breadcrumb\":{\"@id\":\"https:\/\/www.markelj.com\/en\/products\/#breadcrumb\"},\"inLanguage\":\"en-US\",\"potentialAction\":[{\"@type\":\"ReadAction\",\"target\":[\"https:\/\/www.markelj.com\/en\/products\/\"]}]},{\"@type\":\"BreadcrumbList\",\"@id\":\"https:\/\/www.markelj.com\/en\/products\/#breadcrumb\",\"itemListElement\":[{\"@type\":\"ListItem\",\"position\":1,\"name\":\"Products\"}]}]}<\/script>\n<!-- \/ Yoast SEO plugin. -->","yoast_head_json":{"title":"Products - Mizarstvo Markelj","description":"V podjetju Mizarstvo Markelj vam nudimo razli\u010dne produkte izdelane po meri, kot so notranja vrata, vhodna vrata, kuhinje po meri, savne, pohi\u0161tvo in ve\u010d.","robots":{"index":"index","follow":"follow","max-snippet":"max-snippet:-1","max-image-preview":"max-image-preview:large","max-video-preview":"max-video-preview:-1"},"canonical":"https:\/\/www.markelj.com\/en\/products\/","og_locale":"en_US","og_type":"article","og_title":"Products - Mizarstvo Markelj","og_description":"V podjetju Mizarstvo Markelj vam nudimo razli\u010dne produkte izdelane po meri, kot so notranja vrata, vhodna vrata, kuhinje po meri, savne, pohi\u0161tvo in ve\u010d.","og_url":"https:\/\/www.markelj.com\/en\/products\/","og_site_name":"Mizarstvo Markelj","article_publisher":"https:\/\/www.facebook.com\/MarkeljFurniture","article_modified_time":"2018-12-18T09:41:42+00:00","og_image":[{"width":201,"height":201,"url":"https:\/\/www.markelj.com\/wp-content\/uploads\/2014\/11\/as.png","type":"image\/png"}],"twitter_card":"summary","twitter_misc":{"Est. reading time":"6 minutes"},"schema":{"@context":"https:\/\/schema.org","@graph":[{"@type":"WebSite","@id":"https:\/\/www.markelj.com\/#website","url":"https:\/\/www.markelj.com\/","name":"Mizarstvo Markelj","description":"Mizarstvo Markelj","potentialAction":[{"@type":"SearchAction","target":{"@type":"EntryPoint","urlTemplate":"https:\/\/www.markelj.com\/?s={search_term_string}"},"query-input":"required name=search_term_string"}],"inLanguage":"en-US"},{"@type":"WebPage","@id":"https:\/\/www.markelj.com\/en\/products\/#webpage","url":"https:\/\/www.markelj.com\/en\/products\/","name":"Products - Mizarstvo Markelj","isPartOf":{"@id":"https:\/\/www.markelj.com\/#website"},"datePublished":"2014-05-16T10:02:06+00:00","dateModified":"2018-12-18T09:41:42+00:00","description":"V podjetju Mizarstvo Markelj vam nudimo razli\u010dne produkte izdelane po meri, kot so notranja vrata, vhodna vrata, kuhinje po meri, savne, pohi\u0161tvo in ve\u010d.","breadcrumb":{"@id":"https:\/\/www.markelj.com\/en\/products\/#breadcrumb"},"inLanguage":"en-US","potentialAction":[{"@type":"ReadAction","target":["https:\/\/www.markelj.com\/en\/products\/"]}]},{"@type":"BreadcrumbList","@id":"https:\/\/www.markelj.com\/en\/products\/#breadcrumb","itemListElement":[{"@type":"ListItem","position":1,"name":"Products"}]}]}},"_links":{"self":[{"href":"https:\/\/www.markelj.com\/en\/wp-json\/wp\/v2\/pages\/5869"}],"collection":[{"href":"https:\/\/www.markelj.com\/en\/wp-json\/wp\/v2\/pages"}],"about":[{"href":"https:\/\/www.markelj.com\/en\/wp-json\/wp\/v2\/types\/page"}],"author":[{"embeddable":true,"href":"https:\/\/www.markelj.com\/en\/wp-json\/wp\/v2\/users\/4"}],"replies":[{"embeddable":true,"href":"https:\/\/www.markelj.com\/en\/wp-json\/wp\/v2\/comments?post=5869"}],"version-history":[{"count":55,"href":"https:\/\/www.markelj.com\/en\/wp-json\/wp\/v2\/pages\/5869\/revisions"}],"predecessor-version":[{"id":13674,"href":"https:\/\/www.markelj.com\/en\/wp-json\/wp\/v2\/pages\/5869\/revisions\/13674"}],"wp:attachment":[{"href":"https:\/\/www.markelj.com\/en\/wp-json\/wp\/v2\/media?parent=5869"}],"curies":[{"name":"wp","href":"https:\/\/api.w.org\/{rel}","templated":true}]}}